{"id":1014,"date":"2021-04-20T06:22:44","date_gmt":"2021-04-20T06:22:44","guid":{"rendered":"https:\/\/nexpert.ch.newton.ch-meta.net\/?page_id=1014"},"modified":"2023-08-22T08:19:19","modified_gmt":"2023-08-22T06:19:19","slug":"imprint","status":"publish","type":"page","link":"https:\/\/nexpert.ch\/en\/imprint\/","title":{"rendered":"Imprint"},"content":{"rendered":"<div data-elementor-type=\"wp-page\" data-elementor-id=\"1014\" class=\"elementor elementor-1014\" data-elementor-post-type=\"page\">\n\t\t\t\t\t\t<section class=\"elementor-section elementor-top-section elementor-element elementor-element-37ef3c2 elementor-section-boxed elementor-section-height-default elementor-section-height-default\" data-id=\"37ef3c2\" data-element_type=\"section\" data-e-type=\"section\">\n\t\t\t\t\t\t<div class=\"elementor-container elementor-column-gap-default\">\n\t\t\t\t\t<div class=\"elementor-column elementor-col-100 elementor-top-column elementor-element elementor-element-8752ba2\" data-id=\"8752ba2\" data-element_type=\"column\" data-e-type=\"column\">\n\t\t\t<div class=\"elementor-widget-wrap elementor-element-populated\">\n\t\t\t\t\t\t<div class=\"elementor-element elementor-element-3f54c9b elementor-widget elementor-widget-heading\" data-id=\"3f54c9b\" data-element_type=\"widget\" data-e-type=\"widget\" data-widget_type=\"heading.default\">\n\t\t\t\t<div class=\"elementor-widget-container\">\n\t\t\t\t\t<h1 class=\"elementor-heading-title elementor-size-default\">Imprint<\/h1>\t\t\t\t<\/div>\n\t\t\t\t<\/div>\n\t\t\t\t\t<\/div>\n\t\t<\/div>\n\t\t\t\t\t<\/div>\n\t\t<\/section>\n\t\t\t\t<section class=\"elementor-section elementor-top-section elementor-element elementor-element-0397335 elementor-section-boxed elementor-section-height-default elementor-section-height-default\" data-id=\"0397335\" data-element_type=\"section\" data-e-type=\"section\">\n\t\t\t\t\t\t<div class=\"elementor-container elementor-column-gap-default\">\n\t\t\t\t\t<div class=\"elementor-column elementor-col-50 elementor-top-column elementor-element elementor-element-57e1469\" data-id=\"57e1469\" data-element_type=\"column\" data-e-type=\"column\">\n\t\t\t<div class=\"elementor-widget-wrap elementor-element-populated\">\n\t\t\t\t\t\t<div class=\"elementor-element elementor-element-a7a04c4 elementor-widget elementor-widget-heading\" data-id=\"a7a04c4\" data-element_type=\"widget\" data-e-type=\"widget\" data-widget_type=\"heading.default\">\n\t\t\t\t<div class=\"elementor-widget-container\">\n\t\t\t\t\t<h2 class=\"elementor-heading-title elementor-size-default\">Nexpert AG<\/h2>\t\t\t\t<\/div>\n\t\t\t\t<\/div>\n\t\t\t\t<div class=\"elementor-element elementor-element-ec4f36a elementor-widget elementor-widget-text-editor\" data-id=\"ec4f36a\" data-element_type=\"widget\" data-e-type=\"widget\" data-widget_type=\"text-editor.default\">\n\t\t\t\t<div class=\"elementor-widget-container\">\n\t\t\t\t\t\t\t\t\t<p>Raeffelstrasse 10<br \/>CH-8045 Zurich<br \/><a href=\"mailto:info@nexpert.ch\">info@nexpert.ch<\/a><\/p>\t\t\t\t\t\t\t\t<\/div>\n\t\t\t\t<\/div>\n\t\t\t\t\t<\/div>\n\t\t<\/div>\n\t\t\t\t<div class=\"elementor-column elementor-col-50 elementor-top-column elementor-element elementor-element-bf1b7b5\" data-id=\"bf1b7b5\" data-element_type=\"column\" data-e-type=\"column\">\n\t\t\t<div class=\"elementor-widget-wrap elementor-element-populated\">\n\t\t\t\t\t\t<div class=\"elementor-element elementor-element-06ab7a1 elementor-widget elementor-widget-heading\" data-id=\"06ab7a1\" data-element_type=\"widget\" data-e-type=\"widget\" data-widget_type=\"heading.default\">\n\t\t\t\t<div class=\"elementor-widget-container\">\n\t\t\t\t\t<h2 class=\"elementor-heading-title elementor-size-default\">Website<\/h2>\t\t\t\t<\/div>\n\t\t\t\t<\/div>\n\t\t\t\t<div class=\"elementor-element elementor-element-9390397 elementor-widget elementor-widget-text-editor\" data-id=\"9390397\" data-element_type=\"widget\" data-e-type=\"widget\" data-widget_type=\"text-editor.default\">\n\t\t\t\t<div class=\"elementor-widget-container\">\n\t\t\t\t\t\t\t\t\t<p id=\"u3728-2\">customfuture SA<br \/>M\u00fchlegasse 18<br \/>CH-6340 Baar<\/p><p><a href=\"https:\/\/www.customfuture.com\" target=\"_blank\" rel=\"noopener\">www.customfuture.com<\/a><\/p>\t\t\t\t\t\t\t\t<\/div>\n\t\t\t\t<\/div>\n\t\t\t\t\t<\/div>\n\t\t<\/div>\n\t\t\t\t\t<\/div>\n\t\t<\/section>\n\t\t\t\t<section class=\"elementor-section elementor-top-section elementor-element elementor-element-9088475 elementor-section-boxed elementor-section-height-default elementor-section-height-default\" data-id=\"9088475\" data-element_type=\"section\" data-e-type=\"section\">\n\t\t\t\t\t\t<div class=\"elementor-container elementor-column-gap-default\">\n\t\t\t\t\t<div class=\"elementor-column elementor-col-50 elementor-top-column elementor-element elementor-element-6c15961\" data-id=\"6c15961\" data-element_type=\"column\" data-e-type=\"column\">\n\t\t\t<div class=\"elementor-widget-wrap elementor-element-populated\">\n\t\t\t\t\t\t<div class=\"elementor-element elementor-element-5107d7d elementor-widget elementor-widget-heading\" data-id=\"5107d7d\" data-element_type=\"widget\" data-e-type=\"widget\" data-widget_type=\"heading.default\">\n\t\t\t\t<div class=\"elementor-widget-container\">\n\t\t\t\t\t<h2 class=\"elementor-heading-title elementor-size-default\">Image Credits<\/h2>\t\t\t\t<\/div>\n\t\t\t\t<\/div>\n\t\t\t\t<div class=\"elementor-element elementor-element-f0a9799 elementor-widget-divider--view-line_text elementor-widget-divider--element-align-left elementor-widget elementor-widget-divider\" data-id=\"f0a9799\" data-element_type=\"widget\" data-e-type=\"widget\" data-widget_type=\"divider.default\">\n\t\t\t\t<div class=\"elementor-widget-container\">\n\t\t\t\t\t\t\t<div class=\"elementor-divider\">\n\t\t\t<span class=\"elementor-divider-separator\">\n\t\t\t\t\t\t\t<span class=\"elementor-divider__text elementor-divider__element\">\n\t\t\t\tHome page\t\t\t\t<\/span>\n\t\t\t\t\t\t<\/span>\n\t\t<\/div>\n\t\t\t\t\t\t<\/div>\n\t\t\t\t<\/div>\n\t\t\t\t<div class=\"elementor-element elementor-element-8fe5797 elementor-widget elementor-widget-text-editor\" data-id=\"8fe5797\" data-element_type=\"widget\" data-e-type=\"widget\" data-widget_type=\"text-editor.default\">\n\t\t\t\t<div class=\"elementor-widget-container\">\n\t\t\t\t\t\t\t\t\t<p id=\"u3728-2\">Image: Galaxy<br \/>Photo by <a href=\"https:\/\/www.pexels.com\/@philippedonn?utm_content=attributionCopyText&amp;utm_medium=referral&amp;utm_source=pexels\" target=\"_blank\" rel=\"noopener\"><span style=\"text-decoration: underline;\">Philippe Donn<\/span><\/a> from <a href=\"https:\/\/www.pexels.com\/photo\/stars-1257860\/\" target=\"_blank\" rel=\"noopener\"><span style=\"text-decoration: underline;\">pexels<\/span><\/a><\/p>\t\t\t\t\t\t\t\t<\/div>\n\t\t\t\t<\/div>\n\t\t\t\t<div class=\"elementor-element elementor-element-74b6b90 elementor-widget-divider--view-line_text elementor-widget-divider--element-align-left elementor-widget elementor-widget-divider\" data-id=\"74b6b90\" data-element_type=\"widget\" data-e-type=\"widget\" data-widget_type=\"divider.default\">\n\t\t\t\t<div class=\"elementor-widget-container\">\n\t\t\t\t\t\t\t<div class=\"elementor-divider\">\n\t\t\t<span class=\"elementor-divider-separator\">\n\t\t\t\t\t\t\t<span class=\"elementor-divider__text elementor-divider__element\">\n\t\t\t\tIT solutions\t\t\t\t<\/span>\n\t\t\t\t\t\t<\/span>\n\t\t<\/div>\n\t\t\t\t\t\t<\/div>\n\t\t\t\t<\/div>\n\t\t\t\t<div class=\"elementor-element elementor-element-1cb4b89 elementor-widget elementor-widget-text-editor\" data-id=\"1cb4b89\" data-element_type=\"widget\" data-e-type=\"widget\" data-widget_type=\"text-editor.default\">\n\t\t\t\t<div class=\"elementor-widget-container\">\n\t\t\t\t\t\t\t\t\t<p id=\"u3728-2\">Image: Person climbing through a hole<br \/>Photo by <span style=\"text-decoration: underline;\"><a href=\"https:\/\/unsplash.com\/@whereslugo?utm_source=unsplash&amp;utm_medium=referral&amp;utm_content=creditCopyText\" target=\"_blank\" rel=\"noopener\">whereslugo<\/a><\/span> from <a href=\"https:\/\/unsplash.com\/photos\/vUE3mAHvVYE\" target=\"_blank\" rel=\"noopener\"><span style=\"text-decoration: underline;\">Unsplash<\/span><\/a><\/p>\t\t\t\t\t\t\t\t<\/div>\n\t\t\t\t<\/div>\n\t\t\t\t<div class=\"elementor-element elementor-element-2559960 elementor-widget elementor-widget-text-editor\" data-id=\"2559960\" data-element_type=\"widget\" data-e-type=\"widget\" data-widget_type=\"text-editor.default\">\n\t\t\t\t<div class=\"elementor-widget-container\">\n\t\t\t\t\t\t\t\t\t<p id=\"u3728-2\">Image: Island (edited)<br \/>Photo by <span style=\"text-decoration: underline;\"><a href=\"https:\/\/unsplash.com\/@er1end?utm_source=unsplash&amp;utm_medium=referral&amp;utm_content=creditCopyText\" target=\"_blank\" rel=\"noopener\">Erlend Ekseth<\/a><\/span> from <a href=\"https:\/\/unsplash.com\/photos\/0a5VbkqqFFE\" target=\"_blank\" rel=\"noopener\"><span style=\"text-decoration: underline;\">Unsplash<\/span><\/a><\/p>\t\t\t\t\t\t\t\t<\/div>\n\t\t\t\t<\/div>\n\t\t\t\t<div class=\"elementor-element elementor-element-56e72d7 elementor-widget-divider--view-line_text elementor-widget-divider--element-align-left elementor-widget elementor-widget-divider\" data-id=\"56e72d7\" data-element_type=\"widget\" data-e-type=\"widget\" data-widget_type=\"divider.default\">\n\t\t\t\t<div class=\"elementor-widget-container\">\n\t\t\t\t\t\t\t<div class=\"elementor-divider\">\n\t\t\t<span class=\"elementor-divider-separator\">\n\t\t\t\t\t\t\t<span class=\"elementor-divider__text elementor-divider__element\">\n\t\t\t\tLegaltech\t\t\t\t<\/span>\n\t\t\t\t\t\t<\/span>\n\t\t<\/div>\n\t\t\t\t\t\t<\/div>\n\t\t\t\t<\/div>\n\t\t\t\t<div class=\"elementor-element elementor-element-db4b5af elementor-widget elementor-widget-text-editor\" data-id=\"db4b5af\" data-element_type=\"widget\" data-e-type=\"widget\" data-widget_type=\"text-editor.default\">\n\t\t\t\t<div class=\"elementor-widget-container\">\n\t\t\t\t\t\t\t\t\t<p id=\"u3728-2\">Image: Statue with neon tube<br \/>Photo by <span style=\"text-decoration: underline;\"><a href=\"https:\/\/unsplash.com\/@akayaday?utm_source=unsplash&amp;utm_medium=referral&amp;utm_content=creditCopyText\" target=\"_blank\" rel=\"noopener\">Kwesi Phillips<\/a><\/span> from <a href=\"https:\/\/unsplash.com\/photos\/Bk2KRfOg9as\" target=\"_blank\" rel=\"noopener\"><span style=\"text-decoration: underline;\">Unsplash<\/span><\/a><\/p>\t\t\t\t\t\t\t\t<\/div>\n\t\t\t\t<\/div>\n\t\t\t\t<div class=\"elementor-element elementor-element-3c855a1 elementor-widget-divider--view-line_text elementor-widget-divider--element-align-left elementor-widget elementor-widget-divider\" data-id=\"3c855a1\" data-element_type=\"widget\" data-e-type=\"widget\" data-widget_type=\"divider.default\">\n\t\t\t\t<div class=\"elementor-widget-container\">\n\t\t\t\t\t\t\t<div class=\"elementor-divider\">\n\t\t\t<span class=\"elementor-divider-separator\">\n\t\t\t\t\t\t\t<span class=\"elementor-divider__text elementor-divider__element\">\n\t\t\t\tBlog\t\t\t\t<\/span>\n\t\t\t\t\t\t<\/span>\n\t\t<\/div>\n\t\t\t\t\t\t<\/div>\n\t\t\t\t<\/div>\n\t\t\t\t<div class=\"elementor-element elementor-element-d25cb05 elementor-widget elementor-widget-text-editor\" data-id=\"d25cb05\" data-element_type=\"widget\" data-e-type=\"widget\" data-widget_type=\"text-editor.default\">\n\t\t\t\t<div class=\"elementor-widget-container\">\n\t\t\t\t\t\t\t\t\t<p id=\"u3728-2\">Picture: Person typing on laptop<br \/>Photo by <a href=\"https:\/\/unsplash.com\/@szolkin\" target=\"_blank\" rel=\"noopener\"><span style=\"text-decoration: underline;\">Sergey Zolkin<\/span><\/a> on <a href=\"https:\/\/unsplash.com\/photos\/_UeY8aTI6d0\" target=\"_blank\" rel=\"noopener\"><span style=\"text-decoration: underline;\">Unsplash<\/span><\/a><\/p>\t\t\t\t\t\t\t\t<\/div>\n\t\t\t\t<\/div>\n\t\t\t\t\t<\/div>\n\t\t<\/div>\n\t\t\t\t<div class=\"elementor-column elementor-col-50 elementor-top-column elementor-element elementor-element-85022f5\" data-id=\"85022f5\" data-element_type=\"column\" data-e-type=\"column\">\n\t\t\t<div class=\"elementor-widget-wrap\">\n\t\t\t\t\t\t\t<\/div>\n\t\t<\/div>\n\t\t\t\t\t<\/div>\n\t\t<\/section>\n\t\t\t\t<\/div>","protected":false},"excerpt":{"rendered":"<p>Impressum Nexpert AG R\u00e4ffelstrasse 10CH-8045 Z\u00fcrichinfo@nexpert.ch Webseite customfuture SAM\u00fchlegasse 18CH-6340 Baar www.customfuture.com Image Credits Startseite Bild: GalaxiePhoto by Philippe Donn from Pexels IT-L\u00f6sungen Bild: Person die durch ein Loch steigtPhoto by whereslugo from Unsplash Bild: Insel (editiert)Photo by Erlend Ekseth from Unsplash Legaltech Bild: Statue mit Neonr\u00f6hrePhoto by Kwesi Phillips from Unsplash Blog Bild: Person [&hellip;]<\/p>\n","protected":false},"author":1,"featured_media":0,"parent":0,"menu_order":0,"comment_status":"closed","ping_status":"closed","template":"","meta":{"footnotes":""},"class_list":["post-1014","page","type-page","status-publish","hentry"],"_links":{"self":[{"href":"https:\/\/nexpert.ch\/en\/wp-json\/wp\/v2\/pages\/1014","targetHints":{"allow":["GET"]}}],"collection":[{"href":"https:\/\/nexpert.ch\/en\/wp-json\/wp\/v2\/pages"}],"about":[{"href":"https:\/\/nexpert.ch\/en\/wp-json\/wp\/v2\/types\/page"}],"author":[{"embeddable":true,"href":"https:\/\/nexpert.ch\/en\/wp-json\/wp\/v2\/users\/1"}],"replies":[{"embeddable":true,"href":"https:\/\/nexpert.ch\/en\/wp-json\/wp\/v2\/comments?post=1014"}],"version-history":[{"count":109,"href":"https:\/\/nexpert.ch\/en\/wp-json\/wp\/v2\/pages\/1014\/revisions"}],"predecessor-version":[{"id":7910,"href":"https:\/\/nexpert.ch\/en\/wp-json\/wp\/v2\/pages\/1014\/revisions\/7910"}],"wp:attachment":[{"href":"https:\/\/nexpert.ch\/en\/wp-json\/wp\/v2\/media?parent=1014"}],"curies":[{"name":"wp","href":"https:\/\/api.w.org\/{rel}","templated":true}]}}