{"id":8978,"date":"2025-12-11T11:20:10","date_gmt":"2025-12-11T10:20:10","guid":{"rendered":"https:\/\/nexpert.ch\/?page_id=8978"},"modified":"2025-12-21T22:14:45","modified_gmt":"2025-12-21T21:14:45","slug":"ai-and-automation","status":"publish","type":"page","link":"https:\/\/nexpert.ch\/en\/ai-and-automation\/","title":{"rendered":"AI and automation"},"content":{"rendered":"\t\t<div data-elementor-type=\"wp-page\" data-elementor-id=\"8978\" class=\"elementor elementor-8978\" data-elementor-post-type=\"page\">\n\t\t\t\t<div class=\"elementor-element elementor-element-63ea0e3 e-flex e-con-boxed e-con e-parent\" data-id=\"63ea0e3\" data-element_type=\"container\" data-e-type=\"container\" data-settings=\"{&quot;background_background&quot;:&quot;classic&quot;}\">\n\t\t\t\t\t<div class=\"e-con-inner\">\n\t\t\t\t<div class=\"elementor-element elementor-element-ccc3626 elementor-widget elementor-widget-heading\" data-id=\"ccc3626\" data-element_type=\"widget\" data-e-type=\"widget\" data-widget_type=\"heading.default\">\n\t\t\t\t<div class=\"elementor-widget-container\">\n\t\t\t\t\t<h2 class=\"elementor-heading-title elementor-size-default\">AI &amp; Automation <\/h2>\t\t\t\t<\/div>\n\t\t\t\t<\/div>\n\t\t\t\t\t<\/div>\n\t\t\t\t<\/div>\n\t\t<div class=\"elementor-element elementor-element-3223c12 e-flex e-con-boxed e-con e-parent\" data-id=\"3223c12\" data-element_type=\"container\" data-e-type=\"container\">\n\t\t\t\t\t<div class=\"e-con-inner\">\n\t\t<div class=\"elementor-element elementor-element-daac1dc e-con-full e-flex e-con e-child\" data-id=\"daac1dc\" data-element_type=\"container\" data-e-type=\"container\">\n\t\t\t\t<div class=\"elementor-element elementor-element-199537d elementor-widget elementor-widget-heading\" data-id=\"199537d\" data-element_type=\"widget\" data-e-type=\"widget\" data-widget_type=\"heading.default\">\n\t\t\t\t<div class=\"elementor-widget-container\">\n\t\t\t\t\t<h2 class=\"elementor-heading-title elementor-size-default\">\u00abIch will alles\nautomatisieren was nervt!\u00bb<\/h2>\t\t\t\t<\/div>\n\t\t\t\t<\/div>\n\t\t\t\t<div class=\"elementor-element elementor-element-9af8411 elementor-widget elementor-widget-text-editor\" data-id=\"9af8411\" data-element_type=\"widget\" data-e-type=\"widget\" data-widget_type=\"text-editor.default\">\n\t\t\t\t<div class=\"elementor-widget-container\">\n\t\t\t\t\t\t\t\t\t<p>\u00abRechnungen sortieren, E-Mails beantworten, Daten analysieren, Kundenbeschwerden filtern, Sicherheitsprotokolle, Checklisten, Liefer\u00adpapiere, Vorschriften\u00a0 \u2013 alles automatisiert!\u00bb<\/p>\t\t\t\t\t\t\t\t<\/div>\n\t\t\t\t<\/div>\n\t\t\t\t<\/div>\n\t\t<div class=\"elementor-element elementor-element-906490d e-con-full e-flex e-con e-child\" data-id=\"906490d\" data-element_type=\"container\" data-e-type=\"container\">\n\t\t\t\t<div class=\"elementor-element elementor-element-490f8c3 elementor-widget elementor-widget-image\" data-id=\"490f8c3\" data-element_type=\"widget\" data-e-type=\"widget\" data-widget_type=\"image.default\">\n\t\t\t\t<div class=\"elementor-widget-container\">\n\t\t\t\t\t\t\t\t\t\t\t\t\t\t\t<img fetchpriority=\"high\" decoding=\"async\" width=\"452\" height=\"498\" src=\"https:\/\/nexpert.ch\/wp-content\/uploads\/2025\/12\/AI-Nervt-02.svg\" class=\"attachment-large size-large wp-image-8933\" alt=\"\" \/>\t\t\t\t\t\t\t\t\t\t\t\t\t\t\t<\/div>\n\t\t\t\t<\/div>\n\t\t\t\t<\/div>\n\t\t\t\t\t<\/div>\n\t\t\t\t<\/div>\n\t\t<div class=\"elementor-element elementor-element-3bbf4a9 e-flex e-con-boxed e-con e-parent\" data-id=\"3bbf4a9\" data-element_type=\"container\" data-e-type=\"container\">\n\t\t\t\t\t<div class=\"e-con-inner\">\n\t\t<div class=\"elementor-element elementor-element-00a7f4e e-con-full e-flex e-con e-child\" data-id=\"00a7f4e\" data-element_type=\"container\" data-e-type=\"container\">\n\t\t\t\t<div class=\"elementor-element elementor-element-7592cab elementor-widget elementor-widget-heading\" data-id=\"7592cab\" data-element_type=\"widget\" data-e-type=\"widget\" data-widget_type=\"heading.default\">\n\t\t\t\t<div class=\"elementor-widget-container\">\n\t\t\t\t\t<h2 class=\"elementor-heading-title elementor-size-default\">Abl\u00e4ufe optimieren<\/h2>\t\t\t\t<\/div>\n\t\t\t\t<\/div>\n\t\t\t\t<div class=\"elementor-element elementor-element-03fa3bd elementor-widget elementor-widget-text-editor\" data-id=\"03fa3bd\" data-element_type=\"widget\" data-e-type=\"widget\" data-widget_type=\"text-editor.default\">\n\t\t\t\t<div class=\"elementor-widget-container\">\n\t\t\t\t\t\t\t\t\t<p>Alles digitali\u00adsiert und was nun? <br \/>\u00abIch will unsere Effizienz steigern, Prozesse und die Kunden-\u00adExperience ver\u00adbessern und neue Ver\u00adrechnungs\u00admodelle kennen\u00adlernen.\u00bb<\/p><p>Die Digitali\u00adsierung er\u00adm\u00f6glicht eine Stei\u00adge\u00adrung der Effi\u00adzi\u00adenz und Qualit\u00e4t der Arbeit.<br \/>Die digital vor\u00adliegenden Daten k\u00f6nnen f\u00fcr kreative Prozesse, Prozess\u00adoptimierung und Ver\u00ad\u00e4nderung von Gesch\u00e4fts\u00admodellen genutzt werden.<\/p><p>Ziele: <strong>H\u00f6here Qualit\u00e4t<\/strong>, <strong>k\u00fcrzere Reaktions\u00adzeiten<\/strong>, optimierte Zusammen\u00adarbeit und <strong>tiefere Kosten<\/strong>.<br \/>Wir beraten gerne bei der Kreation von neu\u00adartigen Leistungs\u00adan\u00adgeboten und zeigen auf, wie Kunden\u00adakquise und Kunden\u00adbindung ver\u00adbessert werden k\u00f6nnen.<\/p><p><strong>\u00abIch will nichts mehr zweimal tun. F\u00fcr repetitive Arbeiten will ich nur den Knopf dr\u00fccken.\u00bb<\/strong><\/p>\t\t\t\t\t\t\t\t<\/div>\n\t\t\t\t<\/div>\n\t\t\t\t<div class=\"elementor-element elementor-element-ec65082 elementor-widget elementor-widget-n-accordion\" data-id=\"ec65082\" data-element_type=\"widget\" data-e-type=\"widget\" data-settings=\"{&quot;default_state&quot;:&quot;all_collapsed&quot;,&quot;max_items_expended&quot;:&quot;one&quot;,&quot;n_accordion_animation_duration&quot;:{&quot;unit&quot;:&quot;ms&quot;,&quot;size&quot;:400,&quot;sizes&quot;:[]}}\" data-widget_type=\"nested-accordion.default\">\n\t\t\t\t<div class=\"elementor-widget-container\">\n\t\t\t\t\t\t\t<div class=\"e-n-accordion\" aria-label=\"Accordion. Open links with Enter or Space, close with Escape, and navigate with Arrow Keys\">\n\t\t\t\t\t\t<details id=\"e-n-accordion-item-2470\" class=\"e-n-accordion-item\" >\n\t\t\t\t<summary class=\"e-n-accordion-item-title\" data-accordion-index=\"1\" tabindex=\"0\" aria-expanded=\"false\" aria-controls=\"e-n-accordion-item-2470\" >\n\t\t\t\t\t<span class='e-n-accordion-item-title-header'><div class=\"e-n-accordion-item-title-text\"> Was ist denn heute m\u00f6glich mit Microsoft Power Automate?  <\/div><\/span>\n\t\t\t\t\t\t\t<span class='e-n-accordion-item-title-icon'>\n\t\t\t<span class='e-opened' ><i aria-hidden=\"true\" class=\"fas fa-minus\"><\/i><\/span>\n\t\t\t<span class='e-closed'><i aria-hidden=\"true\" class=\"fas fa-plus\"><\/i><\/span>\n\t\t<\/span>\n\n\t\t\t\t\t\t<\/summary>\n\t\t\t\t<div role=\"region\" aria-labelledby=\"e-n-accordion-item-2470\" class=\"elementor-element elementor-element-ff77331 e-con-full e-flex e-con e-child\" data-id=\"ff77331\" data-element_type=\"container\" data-e-type=\"container\">\n\t\t\t\t<div class=\"elementor-element elementor-element-01a4a63 elementor-widget elementor-widget-text-editor\" data-id=\"01a4a63\" data-element_type=\"widget\" data-e-type=\"widget\" data-widget_type=\"text-editor.default\">\n\t\t\t\t<div class=\"elementor-widget-container\">\n\t\t\t\t\t\t\t\t\t<p>Power Automate ist eine SaaS (Software as a Service) Plattform zum optimieren und automatisieren von Arbeitsabl\u00e4ufen und Gesch\u00e4ftsprozessen. SaaS ist ein Lizenz- und Vertriebsmodell, mit dem Software-Anwendungen \u00fcber das Internet, d.h. als Service, angeboten werden.<\/p><p>Beispiele<\/p><ul><li><strong>Projekt er\u00f6ffnen<\/strong> auf Knopfdruck<\/li><li>Online-Formular f\u00fcr <strong>Bewerbungen<\/strong> (Anbindung an Sharepoint, automatisches Filtern der Bewerbungen, Prozesse f\u00fcr Beantwortung)<\/li><li><strong>Kontaktformular f\u00fcr Kunden<\/strong> (Erste Weichen stellen, Anfragen Mitarbeitern zuweisen)<\/li><li><strong>Einbindung von Drittsystemen<\/strong><\/li><\/ul>\t\t\t\t\t\t\t\t<\/div>\n\t\t\t\t<\/div>\n\t\t\t\t<\/div>\n\t\t\t\t\t<\/details>\n\t\t\t\t\t<\/div>\n\t\t\t\t\t\t<\/div>\n\t\t\t\t<\/div>\n\t\t\t\t<\/div>\n\t\t<div class=\"elementor-element elementor-element-712faeb e-con-full e-flex e-con e-child\" data-id=\"712faeb\" data-element_type=\"container\" data-e-type=\"container\">\n\t\t\t\t<div class=\"elementor-element elementor-element-7808c7a elementor-widget elementor-widget-image\" data-id=\"7808c7a\" data-element_type=\"widget\" data-e-type=\"widget\" data-widget_type=\"image.default\">\n\t\t\t\t<div class=\"elementor-widget-container\">\n\t\t\t\t\t\t\t\t\t\t\t\t\t\t\t<img decoding=\"async\" width=\"925\" height=\"925\" src=\"https:\/\/nexpert.ch\/wp-content\/uploads\/2025\/12\/Automation.svg\" class=\"attachment-large size-large wp-image-8936\" alt=\"\" \/>\t\t\t\t\t\t\t\t\t\t\t\t\t\t\t<\/div>\n\t\t\t\t<\/div>\n\t\t\t\t<\/div>\n\t\t\t\t\t<\/div>\n\t\t\t\t<\/div>\n\t\t<div class=\"elementor-element elementor-element-e7b6d45 e-flex e-con-boxed e-con e-parent\" data-id=\"e7b6d45\" data-element_type=\"container\" data-e-type=\"container\">\n\t\t\t\t\t<div class=\"e-con-inner\">\n\t\t<div class=\"elementor-element elementor-element-9a1139e e-con-full e-flex e-con e-child\" data-id=\"9a1139e\" data-element_type=\"container\" data-e-type=\"container\">\n\t\t\t\t<div class=\"elementor-element elementor-element-7c761a2 elementor-widget elementor-widget-heading\" data-id=\"7c761a2\" data-element_type=\"widget\" data-e-type=\"widget\" data-widget_type=\"heading.default\">\n\t\t\t\t<div class=\"elementor-widget-container\">\n\t\t\t\t\t<h2 class=\"elementor-heading-title elementor-size-default\">\u00abImmer p\u00fcnktlich Feierabend!\u00bb<\/h2>\t\t\t\t<\/div>\n\t\t\t\t<\/div>\n\t\t\t\t<div class=\"elementor-element elementor-element-f3ca611 elementor-widget elementor-widget-text-editor\" data-id=\"f3ca611\" data-element_type=\"widget\" data-e-type=\"widget\" data-widget_type=\"text-editor.default\">\n\t\t\t\t<div class=\"elementor-widget-container\">\n\t\t\t\t\t\t\t\t\tAI hilft, wenn es mal eng wird:\u00a0 AI ist der uner&shy;m\u00fcd&shy;liche Lan&shy;gweiler, der gerne Nacht&shy;schicht macht, wenn ihr mal an eure Grenzen st\u00f6sst. Mit Sicher&shy;heit trinkt er niemandem das Feier&shy;abend&shy;bier weg.\t\t\t\t\t\t\t\t<\/div>\n\t\t\t\t<\/div>\n\t\t\t\t<\/div>\n\t\t<div class=\"elementor-element elementor-element-88e2e3c e-con-full e-flex e-con e-child\" data-id=\"88e2e3c\" data-element_type=\"container\" data-e-type=\"container\">\n\t\t\t\t<div class=\"elementor-element elementor-element-007d59c elementor-widget elementor-widget-image\" data-id=\"007d59c\" data-element_type=\"widget\" data-e-type=\"widget\" data-widget_type=\"image.default\">\n\t\t\t\t<div class=\"elementor-widget-container\">\n\t\t\t\t\t\t\t\t\t\t\t\t\t\t\t<img decoding=\"async\" width=\"929\" height=\"928\" src=\"https:\/\/nexpert.ch\/wp-content\/uploads\/2025\/12\/AI-Feierabend.svg\" class=\"attachment-large size-large wp-image-8931\" alt=\"\" \/>\t\t\t\t\t\t\t\t\t\t\t\t\t\t\t<\/div>\n\t\t\t\t<\/div>\n\t\t\t\t<\/div>\n\t\t\t\t\t<\/div>\n\t\t\t\t<\/div>\n\t\t<div class=\"elementor-element elementor-element-0b1dbe2 e-flex e-con-boxed e-con e-parent\" data-id=\"0b1dbe2\" data-element_type=\"container\" data-e-type=\"container\">\n\t\t\t\t\t<div class=\"e-con-inner\">\n\t\t<div class=\"elementor-element elementor-element-396c4b9 e-con-full e-flex e-con e-child\" data-id=\"396c4b9\" data-element_type=\"container\" data-e-type=\"container\">\n\t\t\t\t<div class=\"elementor-element elementor-element-a29cf90 elementor-widget elementor-widget-heading\" data-id=\"a29cf90\" data-element_type=\"widget\" data-e-type=\"widget\" data-widget_type=\"heading.default\">\n\t\t\t\t<div class=\"elementor-widget-container\">\n\t\t\t\t\t<h2 class=\"elementor-heading-title elementor-size-default\">Abl\u00e4ufe an KI weitergeben<\/h2>\t\t\t\t<\/div>\n\t\t\t\t<\/div>\n\t\t\t\t<div class=\"elementor-element elementor-element-58c3f7d elementor-widget elementor-widget-text-editor\" data-id=\"58c3f7d\" data-element_type=\"widget\" data-e-type=\"widget\" data-widget_type=\"text-editor.default\">\n\t\t\t\t<div class=\"elementor-widget-container\">\n\t\t\t\t\t\t\t\t\t<p>\u00abIch will k\u00fcnstliche Intelligenz so einsetzen, dass wir effizienter werden unter Einhaltung der Qualit\u00e4t, f\u00fcr welche unsere Kunden uns kennen.\u00bb<\/p>\t\t\t\t\t\t\t\t<\/div>\n\t\t\t\t<\/div>\n\t\t\t\t<div class=\"elementor-element elementor-element-32994c1 elementor-widget elementor-widget-n-accordion\" data-id=\"32994c1\" data-element_type=\"widget\" data-e-type=\"widget\" data-settings=\"{&quot;default_state&quot;:&quot;all_collapsed&quot;,&quot;max_items_expended&quot;:&quot;one&quot;,&quot;n_accordion_animation_duration&quot;:{&quot;unit&quot;:&quot;ms&quot;,&quot;size&quot;:400,&quot;sizes&quot;:[]}}\" data-widget_type=\"nested-accordion.default\">\n\t\t\t\t<div class=\"elementor-widget-container\">\n\t\t\t\t\t\t\t<div class=\"e-n-accordion\" aria-label=\"Accordion. Open links with Enter or Space, close with Escape, and navigate with Arrow Keys\">\n\t\t\t\t\t\t<details id=\"e-n-accordion-item-5300\" class=\"e-n-accordion-item\" >\n\t\t\t\t<summary class=\"e-n-accordion-item-title\" data-accordion-index=\"1\" tabindex=\"0\" aria-expanded=\"false\" aria-controls=\"e-n-accordion-item-5300\" >\n\t\t\t\t\t<span class='e-n-accordion-item-title-header'><div class=\"e-n-accordion-item-title-text\"> Das ist heute m\u00f6glich: <\/div><\/span>\n\t\t\t\t\t\t\t<span class='e-n-accordion-item-title-icon'>\n\t\t\t<span class='e-opened' ><i aria-hidden=\"true\" class=\"fas fa-minus\"><\/i><\/span>\n\t\t\t<span class='e-closed'><i aria-hidden=\"true\" class=\"fas fa-plus\"><\/i><\/span>\n\t\t<\/span>\n\n\t\t\t\t\t\t<\/summary>\n\t\t\t\t<div role=\"region\" aria-labelledby=\"e-n-accordion-item-5300\" class=\"elementor-element elementor-element-c0ecc7e e-con-full e-flex e-con e-child\" data-id=\"c0ecc7e\" data-element_type=\"container\" data-e-type=\"container\">\n\t\t\t\t<div class=\"elementor-element elementor-element-7dbb361 elementor-widget elementor-widget-text-editor\" data-id=\"7dbb361\" data-element_type=\"widget\" data-e-type=\"widget\" data-widget_type=\"text-editor.default\">\n\t\t\t\t<div class=\"elementor-widget-container\">\n\t\t\t\t\t\t\t\t\t<p>Beispiele:<\/p><ul><li>Unterst\u00fctzung im <strong>Offertwesen<\/strong><\/li><li><strong>Projekt Management Support<\/strong> (Statistiken, Reporting, \u00dcberpr\u00fcfung im Hinblick auf Milestones, Deadlines etc.)<\/li><li><strong>Kundenbetreuung<\/strong><\/li><li>Erstellen von Inhalten<\/li><li><strong>Marktforschung<\/strong><\/li><li>Texte erstellen<\/li><\/ul>\t\t\t\t\t\t\t\t<\/div>\n\t\t\t\t<\/div>\n\t\t\t\t<\/div>\n\t\t\t\t\t<\/details>\n\t\t\t\t\t<\/div>\n\t\t\t\t\t\t<\/div>\n\t\t\t\t<\/div>\n\t\t\t\t<\/div>\n\t\t<div class=\"elementor-element elementor-element-c53c1f4 e-con-full e-flex e-con e-child\" data-id=\"c53c1f4\" data-element_type=\"container\" data-e-type=\"container\">\n\t\t\t\t<div class=\"elementor-element elementor-element-97b6aba elementor-widget elementor-widget-image\" data-id=\"97b6aba\" data-element_type=\"widget\" data-e-type=\"widget\" data-widget_type=\"image.default\">\n\t\t\t\t<div class=\"elementor-widget-container\">\n\t\t\t\t\t\t\t\t\t\t\t\t\t\t\t<img loading=\"lazy\" decoding=\"async\" width=\"925\" height=\"925\" src=\"https:\/\/nexpert.ch\/wp-content\/uploads\/2025\/12\/AI.svg\" class=\"attachment-large size-large wp-image-8934\" alt=\"\" \/>\t\t\t\t\t\t\t\t\t\t\t\t\t\t\t<\/div>\n\t\t\t\t<\/div>\n\t\t\t\t<\/div>\n\t\t\t\t\t<\/div>\n\t\t\t\t<\/div>\n\t\t<div class=\"elementor-element elementor-element-16317a8 e-flex e-con-boxed e-con e-parent\" data-id=\"16317a8\" data-element_type=\"container\" data-e-type=\"container\" data-settings=\"{&quot;background_background&quot;:&quot;classic&quot;}\" data-no-translation=\"\">\n\t\t\t\t\t<div class=\"e-con-inner\">\n\t\t\t\t<div class=\"elementor-element elementor-element-624cf13 elementor-widget elementor-widget-heading\" data-id=\"624cf13\" data-element_type=\"widget\" data-e-type=\"widget\" data-widget_type=\"heading.default\">\n\t\t\t\t<div class=\"elementor-widget-container\">\n\t\t\t\t\t<h1 class=\"elementor-heading-title elementor-size-default\">I am ready for more<\/h1>\t\t\t\t<\/div>\n\t\t\t\t<\/div>\n\t\t<div class=\"elementor-element elementor-element-0d81e75 e-con-full e-flex e-con e-child\" data-id=\"0d81e75\" data-element_type=\"container\" data-e-type=\"container\">\n\t\t<div class=\"elementor-element elementor-element-0c201b7 e-con-full e-flex e-con e-child\" data-id=\"0c201b7\" data-element_type=\"container\" data-e-type=\"container\">\n\t\t\t\t<div class=\"elementor-element elementor-element-4f80c1f elementor-widget elementor-widget-heading\" data-id=\"4f80c1f\" data-element_type=\"widget\" data-e-type=\"widget\" data-widget_type=\"heading.default\">\n\t\t\t\t<div class=\"elementor-widget-container\">\n\t\t\t\t\t<h1 class=\"elementor-heading-title elementor-size-default\">I want to<\/h1>\t\t\t\t<\/div>\n\t\t\t\t<\/div>\n\t\t\t\t<div class=\"elementor-element elementor-element-0c9efde elementor-button-align-start elementor-widget elementor-widget-form\" data-id=\"0c9efde\" data-element_type=\"widget\" data-e-type=\"widget\" data-settings=\"{&quot;step_next_label&quot;:&quot;next &gt;&quot;,&quot;step_previous_label&quot;:&quot;&lt; previous&quot;,&quot;step_type&quot;:&quot;number&quot;,&quot;button_width&quot;:&quot;100&quot;,&quot;step_icon_shape&quot;:&quot;circle&quot;}\" data-widget_type=\"form.default\">\n\t\t\t\t<div class=\"elementor-widget-container\">\n\t\t\t\t\t\t\t<form class=\"elementor-form\" method=\"post\" name=\"Formular IT-L\u00f6sungen\" aria-label=\"Formular IT-L\u00f6sungen\">\n\t\t\t<input type=\"hidden\" name=\"post_id\" value=\"8978\"\/>\n\t\t\t<input type=\"hidden\" name=\"form_id\" value=\"0c9efde\"\/>\n\t\t\t<input type=\"hidden\" name=\"referer_title\" value=\"\" \/>\n\n\t\t\t\n\t\t\t<div class=\"elementor-form-fields-wrapper elementor-labels-\">\n\t\t\t\t\t\t\t\t<div class=\"elementor-field-type-checkbox elementor-field-group elementor-column elementor-field-group-field_3065dc8 elementor-col-100\">\n\t\t\t\t\t<div class=\"elementor-field-subgroup  \"><span class=\"elementor-field-option\"><input type=\"checkbox\" value=\"let AI work\" id=\"form-field-field_3065dc8-0\" name=\"form_fields[field_3065dc8]\"> <label for=\"form-field-field_3065dc8-0\">let AI work<\/label><\/span><\/div>\t\t\t\t<\/div>\n\t\t\t\t\t\t\t\t<div class=\"elementor-field-type-checkbox elementor-field-group elementor-column elementor-field-group-field_4b69793 elementor-col-100\">\n\t\t\t\t\t<div class=\"elementor-field-subgroup  \"><span class=\"elementor-field-option\"><input type=\"checkbox\" value=\"optimize processes\" id=\"form-field-field_4b69793-0\" name=\"form_fields[field_4b69793]\"> <label for=\"form-field-field_4b69793-0\">optimize processes<\/label><\/span><\/div>\t\t\t\t<\/div>\n\t\t\t\t\t\t\t\t<div class=\"elementor-field-type-checkbox elementor-field-group elementor-column elementor-field-group-field_471f4fa elementor-col-100\">\n\t\t\t\t\t<div class=\"elementor-field-subgroup  \"><span class=\"elementor-field-option\"><input type=\"checkbox\" value=\"always finish work on time\" id=\"form-field-field_471f4fa-0\" name=\"form_fields[field_471f4fa]\"> <label for=\"form-field-field_471f4fa-0\">always finish work on time<\/label><\/span><\/div>\t\t\t\t<\/div>\n\t\t\t\t\t\t\t\t<div class=\"elementor-field-type-checkbox elementor-field-group elementor-column elementor-field-group-field_7421220 elementor-col-100\">\n\t\t\t\t\t<div class=\"elementor-field-subgroup  \"><span class=\"elementor-field-option\"><input type=\"checkbox\" value=\"get to know a Nexpert\" id=\"form-field-field_7421220-0\" name=\"form_fields[field_7421220]\"> <label for=\"form-field-field_7421220-0\">get to know a Nexpert<\/label><\/span><\/div>\t\t\t\t<\/div>\n\t\t\t\t\t\t\t\t<div class=\"elementor-field-type-text elementor-field-group elementor-column elementor-field-group-field_54a5bb1 elementor-col-100\">\n\t\t\t\t\t\t\t\t\t\t\t\t<label for=\"form-field-field_54a5bb1\" class=\"elementor-field-label elementor-screen-only\">\n\t\t\t\t\t\t\t\tSomething else\t\t\t\t\t\t\t<\/label>\n\t\t\t\t\t\t\t\t\t\t\t\t\t\t<input size=\"1\" type=\"text\" name=\"form_fields[field_54a5bb1]\" id=\"form-field-field_54a5bb1\" class=\"elementor-field elementor-size-sm  elementor-field-textual\" placeholder=\"Something else. Like what?\">\n\t\t\t\t\t\t\t\t\t\t\t<\/div>\n\t\t\t\t\t\t\t\t<div class=\"elementor-field-type-text elementor-field-group elementor-column elementor-field-group-name elementor-col-100 elementor-field-required\">\n\t\t\t\t\t\t\t\t\t\t\t\t<label for=\"form-field-name\" class=\"elementor-field-label elementor-screen-only\">\n\t\t\t\t\t\t\t\tName\t\t\t\t\t\t\t<\/label>\n\t\t\t\t\t\t\t\t\t\t\t\t\t\t<input size=\"1\" type=\"text\" name=\"form_fields[name]\" id=\"form-field-name\" class=\"elementor-field elementor-size-sm  elementor-field-textual\" placeholder=\"name\" required=\"required\">\n\t\t\t\t\t\t\t\t\t\t\t<\/div>\n\t\t\t\t\t\t\t\t<div class=\"elementor-field-type-text elementor-field-group elementor-column elementor-field-group-field_811cae9 elementor-col-100\">\n\t\t\t\t\t\t\t\t\t\t\t\t<label for=\"form-field-field_811cae9\" class=\"elementor-field-label elementor-screen-only\">\n\t\t\t\t\t\t\t\tFirma\t\t\t\t\t\t\t<\/label>\n\t\t\t\t\t\t\t\t\t\t\t\t\t\t<input size=\"1\" type=\"text\" name=\"form_fields[field_811cae9]\" id=\"form-field-field_811cae9\" class=\"elementor-field elementor-size-sm  elementor-field-textual\" placeholder=\"company\">\n\t\t\t\t\t\t\t\t\t\t\t<\/div>\n\t\t\t\t\t\t\t\t<div class=\"elementor-field-type-email elementor-field-group elementor-column elementor-field-group-email elementor-col-100 elementor-field-required\">\n\t\t\t\t\t\t\t\t\t\t\t\t<label for=\"form-field-email\" class=\"elementor-field-label elementor-screen-only\">\n\t\t\t\t\t\t\t\tE-mail\t\t\t\t\t\t\t<\/label>\n\t\t\t\t\t\t\t\t\t\t\t\t\t\t<input size=\"1\" type=\"email\" name=\"form_fields[email]\" id=\"form-field-email\" class=\"elementor-field elementor-size-sm  elementor-field-textual\" placeholder=\"e-mail\" required=\"required\">\n\t\t\t\t\t\t\t\t\t\t\t<\/div>\n\t\t\t\t\t\t\t\t<div class=\"elementor-field-type-text elementor-field-group elementor-column elementor-field-group-message elementor-col-100\">\n\t\t\t\t\t\t\t\t\t\t\t\t<label for=\"form-field-message\" class=\"elementor-field-label elementor-screen-only\">\n\t\t\t\t\t\t\t\tTelefon\t\t\t\t\t\t\t<\/label>\n\t\t\t\t\t\t\t\t\t\t\t\t\t\t<input size=\"1\" type=\"text\" name=\"form_fields[message]\" id=\"form-field-message\" class=\"elementor-field elementor-size-sm  elementor-field-textual\" placeholder=\"phone\">\n\t\t\t\t\t\t\t\t\t\t\t<\/div>\n\t\t\t\t\t\t\t\t<div class=\"elementor-field-type-recaptcha elementor-field-group elementor-column elementor-field-group-field_1e3ccde elementor-col-100\">\n\t\t\t\t\t<div class=\"elementor-field\" id=\"form-field-field_1e3ccde\"><div class=\"elementor-g-recaptcha\" data-sitekey=\"6Lev2A8cAAAAAHb7YmYQu1eTyiLXzl3ihpaM5xIu\" data-type=\"v2_checkbox\" data-theme=\"dark\" data-size=\"normal\"><\/div><\/div>\t\t\t\t<\/div>\n\t\t\t\t\t\t\t\t<div class=\"elementor-field-group elementor-column elementor-field-type-submit elementor-col-100 e-form__buttons\">\n\t\t\t\t\t<button class=\"elementor-button elementor-size-sm\" type=\"submit\">\n\t\t\t\t\t\t<span class=\"elementor-button-content-wrapper\">\n\t\t\t\t\t\t\t\t\t\t\t\t\t\t\t\t\t\t\t\t\t\t<span class=\"elementor-button-text\">SEND<\/span>\n\t\t\t\t\t\t\t\t\t\t\t\t\t<\/span>\n\t\t\t\t\t<\/button>\n\t\t\t\t<\/div>\n\t\t\t<\/div>\n\t\t<\/form>\n\t\t\t\t\t\t<\/div>\n\t\t\t\t<\/div>\n\t\t\t\t<\/div>\n\t\t<div class=\"elementor-element elementor-element-bf6bc32 e-con-full e-flex e-con e-child\" data-id=\"bf6bc32\" data-element_type=\"container\" data-e-type=\"container\" data-settings=\"{&quot;background_background&quot;:&quot;classic&quot;}\">\n\t\t\t\t<div class=\"elementor-element elementor-element-b59fbda elementor-widget elementor-widget-image\" data-id=\"b59fbda\" data-element_type=\"widget\" data-e-type=\"widget\" data-widget_type=\"image.default\">\n\t\t\t\t<div class=\"elementor-widget-container\">\n\t\t\t\t\t\t\t\t\t\t\t\t\t\t\t<img loading=\"lazy\" decoding=\"async\" width=\"747\" height=\"654\" src=\"https:\/\/nexpert.ch\/wp-content\/uploads\/2025\/12\/Nexpert_Mug_Mockup_01_EN.webp\" class=\"attachment-large size-large wp-image-9438\" alt=\"\" srcset=\"https:\/\/nexpert.ch\/wp-content\/uploads\/2025\/12\/Nexpert_Mug_Mockup_01_EN.webp 747w, https:\/\/nexpert.ch\/wp-content\/uploads\/2025\/12\/Nexpert_Mug_Mockup_01_EN-300x263.webp 300w, https:\/\/nexpert.ch\/wp-content\/uploads\/2025\/12\/Nexpert_Mug_Mockup_01_EN-14x12.webp 14w\" sizes=\"(max-width: 747px) 100vw, 747px\" \/>\t\t\t\t\t\t\t\t\t\t\t\t\t\t\t<\/div>\n\t\t\t\t<\/div>\n\t\t\t\t<\/div>\n\t\t\t\t<\/div>\n\t\t\t\t\t<\/div>\n\t\t\t\t<\/div>\n\t\t\t\t<\/div>\n\t\t","protected":false},"excerpt":{"rendered":"<p>AI &amp; Automation \u00abIch will alles automatisieren was nervt!\u00bb \u00abRechnungen sortieren, E-Mails beantworten, Daten analysieren, Kundenbeschwerden filtern, Sicherheitsprotokolle, Checklisten, Liefer\u00adpapiere, Vorschriften\u00a0 \u2013 alles automatisiert!\u00bb Abl\u00e4ufe optimieren Alles digitali\u00adsiert und was nun? \u00abIch will unsere Effizienz steigern, Prozesse und die Kunden-\u00adExperience ver\u00adbessern und neue Ver\u00adrechnungs\u00admodelle kennen\u00adlernen.\u00bb Die Digitali\u00adsierung er\u00adm\u00f6glicht eine Stei\u00adge\u00adrung der Effi\u00adzi\u00adenz und Qualit\u00e4t der [&hellip;]<\/p>\n","protected":false},"author":1,"featured_media":0,"parent":0,"menu_order":0,"comment_status":"closed","ping_status":"closed","template":"","meta":{"footnotes":""},"class_list":["post-8978","page","type-page","status-publish","hentry"],"_links":{"self":[{"href":"https:\/\/nexpert.ch\/en\/wp-json\/wp\/v2\/pages\/8978","targetHints":{"allow":["GET"]}}],"collection":[{"href":"https:\/\/nexpert.ch\/en\/wp-json\/wp\/v2\/pages"}],"about":[{"href":"https:\/\/nexpert.ch\/en\/wp-json\/wp\/v2\/types\/page"}],"author":[{"embeddable":true,"href":"https:\/\/nexpert.ch\/en\/wp-json\/wp\/v2\/users\/1"}],"replies":[{"embeddable":true,"href":"https:\/\/nexpert.ch\/en\/wp-json\/wp\/v2\/comments?post=8978"}],"version-history":[{"count":97,"href":"https:\/\/nexpert.ch\/en\/wp-json\/wp\/v2\/pages\/8978\/revisions"}],"predecessor-version":[{"id":9583,"href":"https:\/\/nexpert.ch\/en\/wp-json\/wp\/v2\/pages\/8978\/revisions\/9583"}],"wp:attachment":[{"href":"https:\/\/nexpert.ch\/en\/wp-json\/wp\/v2\/media?parent=8978"}],"curies":[{"name":"wp","href":"https:\/\/api.w.org\/{rel}","templated":true}]}}